{"id":988633,"date":"2022-10-09T23:20:51","date_gmt":"2022-10-09T23:20:51","guid":{"rendered":"https:\/\/sertyapigrup.com\/hakkimizda\/"},"modified":"2023-03-21T13:43:29","modified_gmt":"2023-03-21T13:43:29","slug":"hakkimizda","status":"publish","type":"page","link":"https:\/\/sertyapigrup.com\/tr\/hakkimizda\/","title":{"rendered":"Hakk\u0131m\u0131zda"},"content":{"rendered":"\t\t<div data-elementor-type=\"wp-page\" data-elementor-id=\"988633\" class=\"elementor elementor-988633 elementor-2214\" data-elementor-post-type=\"page\">\n\t\t\t\t\t\t<section class=\"elementor-section elementor-top-section elementor-element elementor-element-526971f elementor-section-boxed elementor-section-height-default elementor-section-height-default\" data-id=\"526971f\" data-element_type=\"section\">\n\t\t\t\t\t\t<div class=\"elementor-container elementor-column-gap-no\">\n\t\t\t\t\t<div class=\"elementor-column elementor-col-50 elementor-top-column elementor-element elementor-element-bec38cd\" data-id=\"bec38cd\" data-element_type=\"column\">\n\t\t\t<div class=\"elementor-widget-wrap elementor-element-populated\">\n\t\t\t\t\t\t<div class=\"elementor-element elementor-element-a232089 elementor-position-right elementor-widget__width-auto elementor-mobile-position-right elementor-widget-mobile__width-auto elementor-vertical-align-middle elementor-view-default elementor-invisible elementor-widget elementor-widget-icon-box\" data-id=\"a232089\" data-element_type=\"widget\" data-settings=\"{&quot;_animation&quot;:&quot;slideInUp&quot;}\" data-widget_type=\"icon-box.default\">\n\t\t\t\t<div class=\"elementor-widget-container\">\n\t\t\t\t\t\t\t<div class=\"elementor-icon-box-wrapper\">\n\n\t\t\t\t\t\t<div class=\"elementor-icon-box-icon\">\n\t\t\t\t<span  class=\"elementor-icon\">\n\t\t\t\t<i aria-hidden=\"true\" class=\"vamtamtheme- vamtam-theme-line-titles\"><\/i>\t\t\t\t<\/span>\n\t\t\t<\/div>\n\t\t\t\n\t\t\t\n\t\t<\/div>\n\t\t\t\t\t\t<\/div>\n\t\t\t\t<\/div>\n\t\t\t\t<div class=\"elementor-element elementor-element-5d6df68 elementor-widget elementor-widget-heading\" data-id=\"5d6df68\" data-element_type=\"widget\" data-widget_type=\"heading.default\">\n\t\t\t\t<div class=\"elementor-widget-container\">\n\t\t\t\t\t<h1 class=\"elementor-heading-title elementor-size-default\">Gelece\u011fi <br>Tasarl\u0131yoruz<\/h1>\t\t\t\t<\/div>\n\t\t\t\t<\/div>\n\t\t\t\t\t<\/div>\n\t\t<\/div>\n\t\t\t\t<div class=\"elementor-column elementor-col-50 elementor-top-column elementor-element elementor-element-3c44298\" data-id=\"3c44298\" data-element_type=\"column\">\n\t\t\t<div class=\"elementor-widget-wrap elementor-element-populated\">\n\t\t\t\t\t\t<div class=\"elementor-element elementor-element-b5c4d9a elementor-widget elementor-widget-text-editor\" data-id=\"b5c4d9a\" data-element_type=\"widget\" data-widget_type=\"text-editor.default\">\n\t\t\t\t<div class=\"elementor-widget-container\">\n\t\t\t\t\t\t\t\t\t<p>\u0130n\u015fa etmenin yeni yollar\u0131n\u0131 ke\u015ffetmek ve pe\u015finden gitmek i\u00e7in, yeni zorluklar\u0131 \u00f6ng\u00f6rebilen ve bunlar\u0131n \u00fcstesinden gelebilen insanlar\u0131, yenilikleri ve ortakl\u0131klar\u0131 bir araya getirdik.<\/p>\n\t\t\t\t\t\t\t\t<\/div>\n\t\t\t\t<\/div>\n\t\t\t\t\t<\/div>\n\t\t<\/div>\n\t\t\t\t\t<\/div>\n\t\t<\/section>\n\t\t\t\t<section class=\"elementor-section elementor-top-section elementor-element elementor-element-a62935d elementor-section-boxed elementor-section-height-default elementor-section-height-default\" data-id=\"a62935d\" data-element_type=\"section\">\n\t\t\t\t\t\t<div class=\"elementor-container elementor-column-gap-no\">\n\t\t\t\t\t<div class=\"elementor-column elementor-col-100 elementor-top-column elementor-element elementor-element-bd0bbe7\" data-id=\"bd0bbe7\" data-element_type=\"column\">\n\t\t\t<div class=\"elementor-widget-wrap elementor-element-populated\">\n\t\t\t\t\t\t<div class=\"elementor-element elementor-element-89255f3 elementor-widget elementor-widget-image\" data-id=\"89255f3\" data-element_type=\"widget\" data-widget_type=\"image.default\">\n\t\t\t\t<div class=\"elementor-widget-container\">\n\t\t\t\t\t\t\t\t\t\t\t\t\t\t\t<img decoding=\"async\" src=\"https:\/\/sertyapigrup.com\/wp-content\/uploads\/elementor\/thumbs\/maarten-deckers-t5nxyxcf50i-unsplash-qns1skubsxam5r74absv4v14mmi97zafwjkw7lcruo.jpg\" title=\"maarten-deckers-T5nXYXCf50I-unsplash\" alt=\"maarten-deckers-T5nXYXCf50I-unsplash\" loading=\"lazy\" \/>\t\t\t\t\t\t\t\t\t\t\t\t\t\t\t<\/div>\n\t\t\t\t<\/div>\n\t\t\t\t<div class=\"elementor-element elementor-element-a2ca072 elementor-widget elementor-widget-image\" data-id=\"a2ca072\" data-element_type=\"widget\" data-widget_type=\"image.default\">\n\t\t\t\t<div class=\"elementor-widget-container\">\n\t\t\t\t\t\t\t\t\t\t\t\t\t\t\t<img decoding=\"async\" src=\"https:\/\/sertyapigrup.com\/wp-content\/uploads\/elementor\/thumbs\/josh-olalde-x1p1_ednnok-unsplash-qns1sdbma8vjphu137n6x7xcn8k0sxune877ciu59s.jpg\" title=\"josh-olalde-X1P1_EDNnok-unsplash\" alt=\"josh-olalde-X1P1_EDNnok-unsplash\" loading=\"lazy\" \/>\t\t\t\t\t\t\t\t\t\t\t\t\t\t\t<\/div>\n\t\t\t\t<\/div>\n\t\t\t\t\t<\/div>\n\t\t<\/div>\n\t\t\t\t\t<\/div>\n\t\t<\/section>\n\t\t\t\t<section class=\"elementor-section elementor-top-section elementor-element elementor-element-85c535c elementor-section-content-middle elementor-section-boxed elementor-section-height-default elementor-section-height-default\" data-id=\"85c535c\" data-element_type=\"section\">\n\t\t\t\t\t\t<div class=\"elementor-container elementor-column-gap-no\">\n\t\t\t\t\t<div class=\"elementor-column elementor-col-33 elementor-top-column elementor-element elementor-element-89ab40c\" data-id=\"89ab40c\" data-element_type=\"column\">\n\t\t\t<div class=\"elementor-widget-wrap elementor-element-populated\">\n\t\t\t\t\t\t<div class=\"elementor-element elementor-element-5da648a elementor-widget elementor-widget-text-editor\" data-id=\"5da648a\" data-element_type=\"widget\" data-widget_type=\"text-editor.default\">\n\t\t\t\t<div class=\"elementor-widget-container\">\n\t\t\t\t\t\t\t\t\t<p>Biz kimiz ?<\/p>\n\t\t\t\t\t\t\t\t<\/div>\n\t\t\t\t<\/div>\n\t\t\t\t<div class=\"elementor-element elementor-element-3568c5c elementor-widget elementor-widget-text-editor\" data-id=\"3568c5c\" data-element_type=\"widget\" data-widget_type=\"text-editor.default\">\n\t\t\t\t<div class=\"elementor-widget-container\">\n\t\t\t\t\t\t\t\t\t<p class=\"p1\">Her zaman en iyiyi hedefleyen Sert Yap\u0131 Grubu, sahip oldu\u011fu de\u011ferler ve Antalya&#8217;da hayata ge\u00e7irdi\u011fi projelerle sekt\u00f6r\u00fcnde sayg\u0131n bir yere ve hakl\u0131 bir bilinirli\u011fe sahiptir.<\/p>\n\t\t\t\t\t\t\t\t<\/div>\n\t\t\t\t<\/div>\n\t\t\t\t\t<\/div>\n\t\t<\/div>\n\t\t\t\t<div class=\"elementor-column elementor-col-33 elementor-top-column elementor-element elementor-element-de1e3f6\" data-id=\"de1e3f6\" data-element_type=\"column\">\n\t\t\t<div class=\"elementor-widget-wrap elementor-element-populated\">\n\t\t\t\t\t\t<div class=\"elementor-element elementor-element-16fee1f elementor-widget elementor-widget-text-editor\" data-id=\"16fee1f\" data-element_type=\"widget\" data-widget_type=\"text-editor.default\">\n\t\t\t\t<div class=\"elementor-widget-container\">\n\t\t\t\t\t\t\t\t\t<p>Misyon<\/p>\n\t\t\t\t\t\t\t\t<\/div>\n\t\t\t\t<\/div>\n\t\t\t\t<div class=\"elementor-element elementor-element-93b836b elementor-widget elementor-widget-heading\" data-id=\"93b836b\" data-element_type=\"widget\" data-widget_type=\"heading.default\">\n\t\t\t\t<div class=\"elementor-widget-container\">\n\t\t\t\t\t<h4 class=\"elementor-heading-title elementor-size-default\">Geli\u015fen ve de\u011fi\u015fen end\u00fcstri standartlar\u0131n\u0131 takip ve analiz eden ve bunu 20 y\u0131ll\u0131k tecr\u00fcbesiyle harmanlayan, 7 bina, 2 turizm kompleksi, 1 e\u011fitim projesi ile hizmet yelpazesini her ge\u00e7en g\u00fcn geni\u015fleterek sadece yeni bir yap\u0131 de\u011fil hayata da de\u011fer katmaktad\u0131r.<\/h4>\t\t\t\t<\/div>\n\t\t\t\t<\/div>\n\t\t\t\t\t<\/div>\n\t\t<\/div>\n\t\t\t\t<div class=\"elementor-column elementor-col-33 elementor-top-column elementor-element elementor-element-0d26c31\" data-id=\"0d26c31\" data-element_type=\"column\">\n\t\t\t<div class=\"elementor-widget-wrap elementor-element-populated\">\n\t\t\t\t\t\t<div class=\"elementor-element elementor-element-d19dc29 elementor-widget elementor-widget-text-editor\" data-id=\"d19dc29\" data-element_type=\"widget\" data-widget_type=\"text-editor.default\">\n\t\t\t\t<div class=\"elementor-widget-container\">\n\t\t\t\t\t\t\t\t\t<p>De\u011ferlerimiz<\/p>\n\t\t\t\t\t\t\t\t<\/div>\n\t\t\t\t<\/div>\n\t\t\t\t<div class=\"elementor-element elementor-element-b35880d elementor-widget elementor-widget-heading\" data-id=\"b35880d\" data-element_type=\"widget\" data-widget_type=\"heading.default\">\n\t\t\t\t<div class=\"elementor-widget-container\">\n\t\t\t\t\t<h4 class=\"elementor-heading-title elementor-size-default\">Sert Yap\u0131 Grubu yenilik\u00e7i yakla\u015f\u0131m, kar\u015f\u0131l\u0131kl\u0131 g\u00fcven, d\u00fcr\u00fcstl\u00fck ve \u00e7ok \u00e7al\u0131\u015fma ilkeleri \u0131\u015f\u0131\u011f\u0131nda her zaman en iyiyi hedeflemektedir.\n<\/h4>\t\t\t\t<\/div>\n\t\t\t\t<\/div>\n\t\t\t\t\t<\/div>\n\t\t<\/div>\n\t\t\t\t\t<\/div>\n\t\t<\/section>\n\t\t\t\t<\/div>\n\t\t","protected":false},"excerpt":{"rendered":"<p>Gelece\u011fi Tasarl\u0131yoruz \u0130n\u015fa etmenin yeni yollar\u0131n\u0131 ke\u015ffetmek ve pe\u015finden gitmek i\u00e7in, yeni zorluklar\u0131 \u00f6ng\u00f6rebilen ve bunlar\u0131n \u00fcstesinden gelebilen insanlar\u0131, yenilikleri ve ortakl\u0131klar\u0131 bir araya getirdik. Biz kimiz ? Her zaman en iyiyi hedefleyen Sert Yap\u0131 Grubu, sahip oldu\u011fu de\u011ferler ve Antalya&#8217;da hayata ge\u00e7irdi\u011fi projelerle sekt\u00f6r\u00fcnde sayg\u0131n bir yere ve hakl\u0131 bir bilinirli\u011fe sahiptir. Misyon Geli\u015fen&#8230;<\/p>\n","protected":false},"author":1,"featured_media":0,"parent":0,"menu_order":0,"comment_status":"closed","ping_status":"closed","template":"","meta":{"om_disable_all_campaigns":false,"footnotes":""},"class_list":["post-988633","page","type-page","status-publish","hentry"],"aioseo_notices":[],"_links":{"self":[{"href":"https:\/\/sertyapigrup.com\/tr\/wp-json\/wp\/v2\/pages\/988633","targetHints":{"allow":["GET"]}}],"collection":[{"href":"https:\/\/sertyapigrup.com\/tr\/wp-json\/wp\/v2\/pages"}],"about":[{"href":"https:\/\/sertyapigrup.com\/tr\/wp-json\/wp\/v2\/types\/page"}],"author":[{"embeddable":true,"href":"https:\/\/sertyapigrup.com\/tr\/wp-json\/wp\/v2\/users\/1"}],"replies":[{"embeddable":true,"href":"https:\/\/sertyapigrup.com\/tr\/wp-json\/wp\/v2\/comments?post=988633"}],"version-history":[{"count":4,"href":"https:\/\/sertyapigrup.com\/tr\/wp-json\/wp\/v2\/pages\/988633\/revisions"}],"predecessor-version":[{"id":988768,"href":"https:\/\/sertyapigrup.com\/tr\/wp-json\/wp\/v2\/pages\/988633\/revisions\/988768"}],"wp:attachment":[{"href":"https:\/\/sertyapigrup.com\/tr\/wp-json\/wp\/v2\/media?parent=988633"}],"curies":[{"name":"wp","href":"https:\/\/api.w.org\/{rel}","templated":true}]}}